{"id":293,"date":"2018-05-23T06:35:04","date_gmt":"2018-05-23T06:35:04","guid":{"rendered":"http:\/\/borgernyt.blivdigitalnu.dk\/?page_id=293"},"modified":"2019-03-30T21:10:23","modified_gmt":"2019-03-30T21:10:23","slug":"tilflytter","status":"publish","type":"page","link":"https:\/\/sti.borgernyt.dk\/?page_id=293","title":{"rendered":"Tilflytter"},"content":{"rendered":"\t\t<div data-elementor-type=\"wp-post\" data-elementor-id=\"293\" class=\"elementor elementor-293\" data-elementor-settings=\"[]\">\n\t\t\t\t\t\t<div class=\"elementor-inner\">\n\t\t\t\t\t\t\t<div class=\"elementor-section-wrap\">\n\t\t\t\t\t\t\t<section class=\"elementor-section elementor-top-section elementor-element elementor-element-2dfeb00a elementor-section-boxed elementor-section-height-default elementor-section-height-default\" data-id=\"2dfeb00a\" data-element_type=\"section\">\n\t\t\t\t\t\t<div class=\"elementor-container elementor-column-gap-default\">\n\t\t\t\t\t\t\t<div class=\"elementor-row\">\n\t\t\t\t\t<div class=\"elementor-column elementor-col-50 elementor-top-column elementor-element elementor-element-319bf99e elementor-hidden-tablet elementor-hidden-phone\" data-id=\"319bf99e\" data-element_type=\"column\">\n\t\t\t<div class=\"elementor-column-wrap elementor-element-populated\">\n\t\t\t\t\t\t\t<div class=\"elementor-widget-wrap\">\n\t\t\t\t\t\t<div class=\"elementor-element elementor-element-368477c6 elementor-widget elementor-widget-wp-widget-ezw_tco\" data-id=\"368477c6\" data-element_type=\"widget\" data-settings=\"{&quot;sticky&quot;:&quot;top&quot;,&quot;sticky_on&quot;:[&quot;desktop&quot;],&quot;sticky_offset&quot;:120,&quot;sticky_parent&quot;:&quot;yes&quot;,&quot;sticky_effects_offset&quot;:0}\" data-widget_type=\"wp-widget-ezw_tco.default\">\n\t\t\t\t<div class=\"elementor-widget-container\">\n\t\t\t<div class=\"ez-toc-widget-container ez-toc-v2_0_17 ez-toc-widget counter-hierarchy counter-decimal\">\n\n\t\t\t\t\t<h5>\n\t\t\t\t\t<span class=\"ez-toc-title-container\">\n\n\t\t\t\t\t\t<style type=\"text\/css\">\n\t\t\t\t\t\t\t#ezw_tco-REPLACE_TO_ID .ez-toc-widget-container ul.ez-toc-list li.active::before {\n\t\t\t\t\t\t\t\tbackground-color: #ededed;\n\t\t\t\t\t\t\t}\n\t\t\t\t\t\t<\/style>\n\n\t\t\t\t\t\t<span class=\"ez-toc-title\">Sidens indhold<\/span>\n\n\t\t\t\t\t\t<span class=\"ez-toc-title-toggle\">\n\n\t\t\t\t\t\t\t\n\t\t\t\t\t\t<\/span>\n\n\t\t\t\t\t<\/span>\n\n\t\t\t\t\t<\/h5>\n\t\t\t\t\t<nav>\n<ul class=\"ez-toc-list ez-toc-list-level-1\"><li class=\"ez-toc-page-1 ez-toc-heading-level-2\"><a class=\"ez-toc-link ez-toc-heading-1\" href=\"https:\/\/sti.borgernyt.dk\/?page_id=293\/#VELKOMMEN_TILFLYTTERE\" title=\"VELKOMMEN TILFLYTTERE\">VELKOMMEN TILFLYTTERE<\/a><\/li><li class=\"ez-toc-page-1 ez-toc-heading-level-2\"><a class=\"ez-toc-link ez-toc-heading-2\" href=\"https:\/\/sti.borgernyt.dk\/?page_id=293\/#Omraadet_og_naturen\" title=\"Omr\u00e5det og naturen\">Omr\u00e5det og naturen<\/a><\/li><li class=\"ez-toc-page-1 ez-toc-heading-level-2\"><a class=\"ez-toc-link ez-toc-heading-3\" href=\"https:\/\/sti.borgernyt.dk\/?page_id=293\/#Naboerne_og_alle_os_andre\" title=\"Naboerne og alle os andre\">Naboerne og alle os andre<\/a><\/li><li class=\"ez-toc-page-1 ez-toc-heading-level-2\"><a class=\"ez-toc-link ez-toc-heading-4\" href=\"https:\/\/sti.borgernyt.dk\/?page_id=293\/#Skole_DUS_og_boernehave\" title=\"Skole, DUS og b\u00f8rnehave\">Skole, DUS og b\u00f8rnehave<\/a><\/li><li class=\"ez-toc-page-1 ez-toc-heading-level-2\"><a class=\"ez-toc-link ez-toc-heading-5\" href=\"https:\/\/sti.borgernyt.dk\/?page_id=293\/#Arbejde_og_erhverv\" title=\"Arbejde og erhverv\">Arbejde og erhverv<\/a><\/li><li class=\"ez-toc-page-1 ez-toc-heading-level-2\"><a class=\"ez-toc-link ez-toc-heading-6\" href=\"https:\/\/sti.borgernyt.dk\/?page_id=293\/#Foreningslivet\" title=\"Foreningslivet\">Foreningslivet<\/a><\/li><li class=\"ez-toc-page-1 ez-toc-heading-level-2\"><a class=\"ez-toc-link ez-toc-heading-7\" href=\"https:\/\/sti.borgernyt.dk\/?page_id=293\/#Leder_du_efter_bolig\" title=\"Leder du efter bolig\">Leder du efter bolig<\/a><\/li><\/ul><\/nav>\n<\/div>\n\t\t<\/div>\n\t\t\t\t<\/div>\n\t\t\t\t\t\t<\/div>\n\t\t\t\t\t<\/div>\n\t\t<\/div>\n\t\t\t\t<div class=\"elementor-column elementor-col-50 elementor-top-column elementor-element elementor-element-19543d22\" data-id=\"19543d22\" data-element_type=\"column\">\n\t\t\t<div class=\"elementor-column-wrap elementor-element-populated\">\n\t\t\t\t\t\t\t<div class=\"elementor-widget-wrap\">\n\t\t\t\t\t\t<div class=\"elementor-element elementor-element-7916764b elementor-widget elementor-widget-heading\" data-id=\"7916764b\" data-element_type=\"widget\" data-widget_type=\"heading.default\">\n\t\t\t\t<div class=\"elementor-widget-container\">\n\t\t\t<h2 class=\"elementor-heading-title elementor-size-default\"><span class=\"ez-toc-section\" id=\"VELKOMMEN_TILFLYTTERE\"><\/span>VELKOMMEN TILFLYTTERE<span class=\"ez-toc-section-end\"><\/span><\/h2>\t\t<\/div>\n\t\t\t\t<\/div>\n\t\t\t\t<div class=\"elementor-element elementor-element-1c8801b9 elementor-widget elementor-widget-text-editor\" data-id=\"1c8801b9\" data-element_type=\"widget\" data-widget_type=\"text-editor.default\">\n\t\t\t\t<div class=\"elementor-widget-container\">\n\t\t\t\t\t\t\t\t<div class=\"elementor-text-editor elementor-clearfix\">\n\t\t\t\t<p>Med denne velkomstskrivelse \u00f8nsker vi at byde dig velkommen til lokalomr\u00e5det. Det er vores h\u00e5b, at du vil tage del i f\u00e6llesskabet og at du f\u00f8ler dig velkommen.<\/p>\n<!-- \/wp:paragraph --><!-- wp:paragraph -->\n<p>Vi syntes, vi er v\u00e6ldig privilegerede ved at have h\u00f8j himmel, store vidder og i det hele taget, at have horisont p\u00e5 dagligdagen b\u00e5de visuelt og menneskeligt.<\/p>\n<!-- \/wp:paragraph --><!-- wp:paragraph -->\n<p>Der er nogle ting du kan have gl\u00e6de af at vide, hvis du lige er flyttet hertil, eller hvis du overvejer at g\u00f8re det.<\/p>\t\t\t\t\t<\/div>\n\t\t\t\t\t\t<\/div>\n\t\t\t\t<\/div>\n\t\t\t\t<div class=\"elementor-element elementor-element-5ed9c5d8 elementor-widget elementor-widget-heading\" data-id=\"5ed9c5d8\" data-element_type=\"widget\" data-widget_type=\"heading.default\">\n\t\t\t\t<div class=\"elementor-widget-container\">\n\t\t\t<h2 class=\"elementor-heading-title elementor-size-default\"><span class=\"ez-toc-section\" id=\"Omraadet_og_naturen\"><\/span>Omr\u00e5det og naturen<span class=\"ez-toc-section-end\"><\/span><\/h2>\t\t<\/div>\n\t\t\t\t<\/div>\n\t\t\t\t<div class=\"elementor-element elementor-element-2a271b22 elementor-widget elementor-widget-text-editor\" data-id=\"2a271b22\" data-element_type=\"widget\" data-widget_type=\"text-editor.default\">\n\t\t\t\t<div class=\"elementor-widget-container\">\n\t\t\t\t\t\t\t\t<div class=\"elementor-text-editor elementor-clearfix\">\n\t\t\t\t<p>Lokaliteterne i omr\u00e5det med sammenh\u00e6ngende bebyggelse omfatter Restrup Enge, N\u00f8rholm Skov, N\u00f8rholm, Mellemholm, Porsheden og Klitg\u00e5rd. Uanset hvor man bor, er der kort afstand til Aalborg og Nibe og rigtig mange benytter cyklen, som transportmiddel i dagligdagen.<\/p>\n<!-- \/wp:paragraph --><!-- wp:paragraph -->\n<p>I naturen omkring os findes der omr\u00e5der med skov, fjord-enge og opdyrket land. Det er muligt at bev\u00e6ge sig rundt via de mange stier, uanset om man vil en tur til fjorden eller ud i det bl\u00e5, s\u00e5 er der god stiadgang hertil. De fleste stier kan benyttes til hest, p\u00e5 g\u00e5-ben eller m\u00e5ske en mountainbike.<\/p>\n<!-- \/wp:paragraph --><!-- wp:paragraph -->\n<p>Hele omr\u00e5det er meget benyttet af motionscyklister, b\u00e5de lokale og folk fra Aalborg, Frejlev og Nibe-egnen.<\/p>\n<!-- \/wp:paragraph --><!-- wp:paragraph -->\n<p>Dette skyldes sikkert at her er s\u00e5 smukt, ofte med udsyn over fjorden og med varieret bakkelandskab.<\/p>\n<!-- \/wp:paragraph --><!-- wp:paragraph -->\n<p>Omr\u00e5det er ogs\u00e5 pr\u00e6get af landbruget med frodige og b\u00f8lgende kornmarker og blomstrende raps i sommerm\u00e5nederne og vinters\u00e6d i efter\u00e5ret.<\/p>\n<!-- \/wp:paragraph --><!-- wp:paragraph -->\n<p>Der er flere steder dyrehold med f\u00e5r og k\u00f8er og rigtig mange har heste, enten opstaldet i et stutteri, eller p\u00e5 egen jord som privatperson.<\/p>\n<!-- \/wp:paragraph --><!-- wp:paragraph -->\n<p>Vores omr\u00e5de er derfor ogs\u00e5 pr\u00e6get af hestefolket, man skal ikke g\u00e5 mange hundrede meter for at kunne klappe en hest p\u00e5 mulen.<\/p>\n<!-- \/wp:paragraph --><!-- wp:paragraph -->\n<p>Der er naturligvis ogs\u00e5 private h\u00f8nsehold, geder og \u00e6nder mv. Dette giver autenticitet i landsbymilj\u00f8et og liv p\u00e5 de mindre jordlodder mellem boligerne.<\/p>\t\t\t\t\t<\/div>\n\t\t\t\t\t\t<\/div>\n\t\t\t\t<\/div>\n\t\t\t\t<div class=\"elementor-element elementor-element-3f667e4 elementor-widget elementor-widget-heading\" data-id=\"3f667e4\" data-element_type=\"widget\" data-widget_type=\"heading.default\">\n\t\t\t\t<div class=\"elementor-widget-container\">\n\t\t\t<h2 class=\"elementor-heading-title elementor-size-default\"><span class=\"ez-toc-section\" id=\"Naboerne_og_alle_os_andre\"><\/span>Naboerne og alle os andre<span class=\"ez-toc-section-end\"><\/span><\/h2>\t\t<\/div>\n\t\t\t\t<\/div>\n\t\t\t\t<div class=\"elementor-element elementor-element-d10e835 elementor-widget elementor-widget-text-editor\" data-id=\"d10e835\" data-element_type=\"widget\" data-widget_type=\"text-editor.default\">\n\t\t\t\t<div class=\"elementor-widget-container\">\n\t\t\t\t\t\t\t\t<div class=\"elementor-text-editor elementor-clearfix\">\n\t\t\t\t<p>Vi ligner nok hinanden, os der har boet her over tid og s\u00e5 jer, der \u00f8nsker at bo her sammen med os. Det er muligvis n\u00e6rheden og overskuelighe-den, der tiltaler b\u00e5de jer og os.<\/p>\n<!-- \/wp:paragraph --><!-- wp:paragraph -->\n<p>Nogle steder bor vi side om side, men der er ogs\u00e5 beboelser i det \u00e5bne land. Uanset, er der alle steder basis for gode naboskaber.<\/p>\n<!-- \/wp:paragraph --><!-- wp:paragraph -->\n<p>Vi vil gerne komme hinanden ved og v\u00e6re til for hinanden. Der er aldrig langt til en hj\u00e6lpende h\u00e5nd, eller et godt r\u00e5d. Du skal blot sp\u00f8rge dig for eller tage imod, hvis naboen inviterer til en hyggesnak, eller henvender sig af nysgerrighed.<\/p>\n<!-- \/wp:paragraph --><!-- wp:paragraph -->\n<p>B\u00f8rnene finde hurtigt hinanden og de skal ikke v\u00e6re ret gamle, f\u00f8r de trygt kan f\u00e6rdes p\u00e5 egne h\u00e5nd, rundt til bes\u00f8g hos hinanden.<\/p>\t\t\t\t\t<\/div>\n\t\t\t\t\t\t<\/div>\n\t\t\t\t<\/div>\n\t\t\t\t<div class=\"elementor-element elementor-element-5eb779a elementor-widget elementor-widget-image\" data-id=\"5eb779a\" data-element_type=\"widget\" data-widget_type=\"image.default\">\n\t\t\t\t<div class=\"elementor-widget-container\">\n\t\t\t\t\t\t\t\t<div class=\"elementor-image\">\n\t\t\t\t\t\t\t\t\t\t\t\t<img width=\"5312\" height=\"2988\" src=\"https:\/\/sti.borgernyt.dk\/wp-content\/uploads\/2019\/03\/Majbritt1.jpg\" class=\"attachment-full size-full\" alt=\"\" loading=\"lazy\" srcset=\"https:\/\/sti.borgernyt.dk\/wp-content\/uploads\/2019\/03\/Majbritt1.jpg 5312w, https:\/\/sti.borgernyt.dk\/wp-content\/uploads\/2019\/03\/Majbritt1-711x400.jpg 711w, https:\/\/sti.borgernyt.dk\/wp-content\/uploads\/2019\/03\/Majbritt1-768x432.jpg 768w, https:\/\/sti.borgernyt.dk\/wp-content\/uploads\/2019\/03\/Majbritt1-1400x788.jpg 1400w\" sizes=\"(max-width: 5312px) 100vw, 5312px\" \/>\t\t\t\t\t\t\t\t\t\t\t\t\t\t<\/div>\n\t\t\t\t\t\t<\/div>\n\t\t\t\t<\/div>\n\t\t\t\t<div class=\"elementor-element elementor-element-3b7ecb48 elementor-widget elementor-widget-heading\" data-id=\"3b7ecb48\" data-element_type=\"widget\" data-widget_type=\"heading.default\">\n\t\t\t\t<div class=\"elementor-widget-container\">\n\t\t\t<h2 class=\"elementor-heading-title elementor-size-default\"><span class=\"ez-toc-section\" id=\"Skole_DUS_og_boernehave\"><\/span>Skole, DUS og b\u00f8rnehave<span class=\"ez-toc-section-end\"><\/span><\/h2>\t\t<\/div>\n\t\t\t\t<\/div>\n\t\t\t\t<div class=\"elementor-element elementor-element-5fc8dfcf elementor-widget elementor-widget-text-editor\" data-id=\"5fc8dfcf\" data-element_type=\"widget\" data-widget_type=\"text-editor.default\">\n\t\t\t\t<div class=\"elementor-widget-container\">\n\t\t\t\t\t\t\t\t<div class=\"elementor-text-editor elementor-clearfix\">\n\t\t\t\t<p>N\u00f8rholm Skole er Aalborg Kommunes bedste (og en af de mindste) folkeskoler. Den ligger h\u00f8jt placeret med en fantastisk udsigt til skr\u00e6nter og fjord. P\u00e5 skolen er en pasningsordning ( DUS) og desuden en b\u00f8rnehave for omr\u00e5dets 3-6 \u00e5rige b\u00f8rn. At de ogs\u00e5 f\u00e5r en indholdsrig og l\u00e6rerig dag, s\u00f8rger de dygtige l\u00e6rere og p\u00e6dagoger for.<\/p>\n<p><!-- \/wp:paragraph --><!-- wp:paragraph --><\/p>\n<p>Der er ogs\u00e5 tilknyttet en \u201dG\u00e5rdskole\u201d til N\u00f8rholm Skole. Her kan b\u00f8rn der har behov for en anden indl\u00e6ringsform, f\u00e5 en praktisk anlagt undervisning i et trygt milj\u00f8.<\/p>\n<p><!-- \/wp:paragraph --><!-- wp:paragraph --><\/p>\n<p>Der findes flere muligheder for at f\u00e5 b\u00f8rn passet i kommunale dagplejetilbud eller i privat regi.<\/p>\n<p><!-- \/wp:paragraph --><!-- wp:paragraph --><\/p>\n<p>I lokalomr\u00e5det er pasningstilbuddet meget lig den dagligdag, I selv har derhjemme.<\/p>\t\t\t\t\t<\/div>\n\t\t\t\t\t\t<\/div>\n\t\t\t\t<\/div>\n\t\t\t\t<div class=\"elementor-element elementor-element-1a31fe6b elementor-widget elementor-widget-heading\" data-id=\"1a31fe6b\" data-element_type=\"widget\" data-widget_type=\"heading.default\">\n\t\t\t\t<div class=\"elementor-widget-container\">\n\t\t\t<h2 class=\"elementor-heading-title elementor-size-default\"><span class=\"ez-toc-section\" id=\"Arbejde_og_erhverv\"><\/span>Arbejde og erhverv<span class=\"ez-toc-section-end\"><\/span><\/h2>\t\t<\/div>\n\t\t\t\t<\/div>\n\t\t\t\t<div class=\"elementor-element elementor-element-4c26fccb elementor-widget elementor-widget-text-editor\" data-id=\"4c26fccb\" data-element_type=\"widget\" data-widget_type=\"text-editor.default\">\n\t\t\t\t<div class=\"elementor-widget-container\">\n\t\t\t\t\t\t\t\t<div class=\"elementor-text-editor elementor-clearfix\">\n\t\t\t\t<p>Mange fastboer har arbejde uden for omr\u00e5det. Derfor kan man i \u201dmyldretiden\u201d godt opleve 2 \u2013 3 biler p\u00e5 den samme vejstr\u00e6kning, men ogs\u00e5 en del cyklister. Dem, der ikke selv transportere sig, tager bussen \u2013 rute 38, som stort set k\u00f8rer timesdrift hele dagen.<\/p>\n<p><!-- \/wp:paragraph --><!-- wp:paragraph --><\/p>\n<p>Der er heldigvis ogs\u00e5 en del lokale arbejdspladser og selvst\u00e6ndig erhvervsdrivende. Ikke mindst landbruget, men ogs\u00e5 andre erhverv, holder til i omr\u00e5det.<\/p>\n<p><!-- \/wp:paragraph --><!-- wp:paragraph --><\/p>\n<p>Med opkobling p\u00e5 fibernet, som stort set d\u00e6kker hele omr\u00e5det, er der ogs\u00e5 skabt basis for en del hjemmearbejdspladser.<\/p>\n<p><!-- \/wp:paragraph --><!-- wp:image --><\/p>\n<figure class=\"wp-block-image\"><\/figure>\t\t\t\t\t<\/div>\n\t\t\t\t\t\t<\/div>\n\t\t\t\t<\/div>\n\t\t\t\t<div class=\"elementor-element elementor-element-12d8038 elementor-widget elementor-widget-image\" data-id=\"12d8038\" data-element_type=\"widget\" data-widget_type=\"image.default\">\n\t\t\t\t<div class=\"elementor-widget-container\">\n\t\t\t\t\t\t\t\t<div class=\"elementor-image\">\n\t\t\t\t\t\t\t\t\t\t\t\t<img src=\"https:\/\/sti.borgernyt.dk\/wp-content\/uploads\/2019\/03\/Emil.jpg\" title=\"Emil.jpg\" alt=\"Emil.jpg\" \/>\t\t\t\t\t\t\t\t\t\t\t\t\t\t<\/div>\n\t\t\t\t\t\t<\/div>\n\t\t\t\t<\/div>\n\t\t\t\t<div class=\"elementor-element elementor-element-2ef30d6b elementor-widget elementor-widget-heading\" data-id=\"2ef30d6b\" data-element_type=\"widget\" data-widget_type=\"heading.default\">\n\t\t\t\t<div class=\"elementor-widget-container\">\n\t\t\t<h2 class=\"elementor-heading-title elementor-size-default\"><span class=\"ez-toc-section\" id=\"Foreningslivet\"><\/span>Foreningslivet<span class=\"ez-toc-section-end\"><\/span><\/h2>\t\t<\/div>\n\t\t\t\t<\/div>\n\t\t\t\t<div class=\"elementor-element elementor-element-5431a8f3 elementor-widget elementor-widget-text-editor\" data-id=\"5431a8f3\" data-element_type=\"widget\" data-widget_type=\"text-editor.default\">\n\t\t\t\t<div class=\"elementor-widget-container\">\n\t\t\t\t\t\t\t\t<div class=\"elementor-text-editor elementor-clearfix\">\n\t\t\t\t<p>Som det er tilf\u00e6ldet i hele Danmark, er ogs\u00e5 vores omr\u00e5de kendetegnet ved et s\u00e6rdeles rigt og aktivt foreningsliv. Blot for at n\u00e6vne nogle af dem, kan man spille fodbold, badminton, krolf og golf, dyrke kajakroning, modelflyvning, detektors\u00f8gning, ridning, zumba og sikkert meget mere.<\/p>\n<!-- \/wp:paragraph --><!-- wp:paragraph -->\n<p>Der ud over findes der en del lokalforeninger bl.a. hele 2 forsamlingshusforeninger, K\u00f8bmandsforeningen, Borgerforeningen, Seniorforeningen, Gade \/ vejforeninger og Fattighusforening.<\/p>\n<!-- \/wp:paragraph --><!-- wp:paragraph -->\n<p>Det kan sagtens ske, at man som nytilkommen bliver inviteret med i foreningernes bestyrelsesarbejde, eller nogle udvalg mv. Det er en rigtig god m\u00e5de, at skabe st\u00f8rre kontaktflade p\u00e5 og s\u00e5 er det nyttigt for os alle, at der kommer friske pust og id\u00e9er ind i foreningsarbejdet. Man er selvf\u00f8lgelig ogs\u00e5 velkommen til selv at ops\u00f8ge foreningsarbejdet, hvis det presser sig p\u00e5 med en god id\u00e9 eller en aktivitet.<\/p>\n<!-- \/wp:paragraph --><!-- wp:paragraph -->\n<p>Det er kendetegnende, at der \u00e5ret igennem er en del aktiviteter for b\u00e5de b\u00f8rn og voksne. Her kan n\u00e6vnes b\u00f8rnedyreskue, drageflyvning, Sankt Hans b\u00e5l, fredagsbar, f\u00e6llesspisning og senest er en \u00e5rlig \u201dFjordfest\u201d kommet p\u00e5 programmet.<\/p>\n<!-- \/wp:paragraph --><!-- wp:paragraph -->\n<p>Vi opfordre til at benytte de mange muligheder for at dyrke f\u00e6llesskabet. Det giver sammen-h\u00e6ngskraft og mulighed for at skabe nye bekendtskaber.<\/p>\t\t\t\t\t<\/div>\n\t\t\t\t\t\t<\/div>\n\t\t\t\t<\/div>\n\t\t\t\t<div class=\"elementor-element elementor-element-7d8f619b elementor-widget elementor-widget-heading\" data-id=\"7d8f619b\" data-element_type=\"widget\" data-widget_type=\"heading.default\">\n\t\t\t\t<div class=\"elementor-widget-container\">\n\t\t\t<h2 class=\"elementor-heading-title elementor-size-default\"><span class=\"ez-toc-section\" id=\"Leder_du_efter_bolig\"><\/span>Leder du efter bolig<span class=\"ez-toc-section-end\"><\/span><\/h2>\t\t<\/div>\n\t\t\t\t<\/div>\n\t\t\t\t<div class=\"elementor-element elementor-element-125d8a5e elementor-widget elementor-widget-html\" data-id=\"125d8a5e\" data-element_type=\"widget\" data-widget_type=\"html.default\">\n\t\t\t\t<div class=\"elementor-widget-container\">\n\t\t\t<script>\nfunction bsMessageListener(event) {\nvar params = event.data.split('|');\nif (params[0] == 'resize') {\ndocument.getElementById('bs-iframe').height = params[1]; }\nelse if (params[0] == 'redirect') { document.location.href = params[1]; }\n}\nif (window.addEventListener) {\nwindow.addEventListener(\"message\", bsMessageListener, false);\n} else {\nwindow.attachEvent(\"onmessage\", bsMessageListener, false);\n}\n<\/script><br \/>\n<iframe loading=\"lazy\" id=\"bs-iframe\" src=\"https:\/\/a.boligsiden.dk\/?affkey=kkkQmvmB9\" width=\"100%\" height=\"500px\" frameborder=\"1\"><\/iframe>\t\t<\/div>\n\t\t\t\t<\/div>\n\t\t\t\t\t\t<\/div>\n\t\t\t\t\t<\/div>\n\t\t<\/div>\n\t\t\t\t\t\t\t\t<\/div>\n\t\t\t\t\t<\/div>\n\t\t<\/section>\n\t\t\t\t\t\t<\/div>\n\t\t\t\t\t\t<\/div>\n\t\t\t\t\t<\/div>\n\t\t","protected":false},"excerpt":{"rendered":"<p>VELKOMMEN TILFLYTTERE Med denne velkomstskrivelse \u00f8nsker vi at byde dig velkommen til lokalomr\u00e5det. Det er vores h\u00e5b, at du vil tage del i f\u00e6llesskabet og at du f\u00f8ler dig velkommen. Vi syntes, vi er v\u00e6ldig privilegerede ved at have h\u00f8j himmel, store vidder og i det hele taget, at have horisont p\u00e5 dagligdagen b\u00e5de visuelt [&hellip;]<\/p>\n","protected":false},"author":1,"featured_media":0,"parent":0,"menu_order":0,"comment_status":"closed","ping_status":"closed","template":"elementor_header_footer","meta":{"_monsterinsights_skip_tracking":false,"_monsterinsights_sitenote_active":false,"_monsterinsights_sitenote_note":"","_monsterinsights_sitenote_category":0},"_links":{"self":[{"href":"https:\/\/sti.borgernyt.dk\/index.php?rest_route=\/wp\/v2\/pages\/293"}],"collection":[{"href":"https:\/\/sti.borgernyt.dk\/index.php?rest_route=\/wp\/v2\/pages"}],"about":[{"href":"https:\/\/sti.borgernyt.dk\/index.php?rest_route=\/wp\/v2\/types\/page"}],"author":[{"embeddable":true,"href":"https:\/\/sti.borgernyt.dk\/index.php?rest_route=\/wp\/v2\/users\/1"}],"replies":[{"embeddable":true,"href":"https:\/\/sti.borgernyt.dk\/index.php?rest_route=%2Fwp%2Fv2%2Fcomments&post=293"}],"version-history":[{"count":15,"href":"https:\/\/sti.borgernyt.dk\/index.php?rest_route=\/wp\/v2\/pages\/293\/revisions"}],"predecessor-version":[{"id":864,"href":"https:\/\/sti.borgernyt.dk\/index.php?rest_route=\/wp\/v2\/pages\/293\/revisions\/864"}],"wp:attachment":[{"href":"https:\/\/sti.borgernyt.dk\/index.php?rest_route=%2Fwp%2Fv2%2Fmedia&parent=293"}],"curies":[{"name":"wp","href":"https:\/\/api.w.org\/{rel}","templated":true}]}}